{"id":240,"date":"2025-10-23T22:30:37","date_gmt":"2025-10-24T05:30:37","guid":{"rendered":"https:\/\/matutino1179.com\/?page_id=240"},"modified":"2025-10-23T22:30:39","modified_gmt":"2025-10-24T05:30:39","slug":"chema-armenta","status":"publish","type":"page","link":"https:\/\/matutino1179.com\/index.php\/chema-armenta\/","title":{"rendered":"Chema Armenta"},"content":{"rendered":"<div class=\"xdj266r x14z9mp xat24cr x1lziwak x1vvkbs x126k92a\">\n<div dir=\"auto\">AL AIRE<\/div>\n<div dir=\"auto\"><\/div>\n<div dir=\"auto\">Chema Armenta<\/div>\n<div dir=\"auto\"><\/div>\n<div dir=\"auto\">El gur\u00fa argentino y el 11<\/div>\n<div dir=\"auto\"><\/div>\n<div dir=\"auto\">El n\u00famero me ha seguido a todas partes desde hace unos meses; en todas las pantallas, tickets, series, cuentas, canciones, y todo lo que implique una numeralia alrededor de esa cifra. Seg\u00fan el brujo argentino al que consultaba a\u00f1os atr\u00e1s, dec\u00eda que era bendici\u00f3n, congruencia, la luz verde ante la duda de lo que se viv\u00eda en el momento.<\/div>\n<div dir=\"auto\">La cifra nunca apareci\u00f3 mientras lo consultaba, mientras le mandaba pesos argentinos semanalmente, y me recetaba ba\u00f1os calientes en agua con p\u00e9talos de cualquier flor robada de un jard\u00edn ajeno, dec\u00eda: \u201cY\u2026con ese \u201cbanio\u201d dos veces por semana, la pelotuda se te sale del alma\u201d, pero la pelotuda no se me sali\u00f3 del alma hasta mucho despu\u00e9s, o quiz\u00e1 no se me sali\u00f3 del todo y su recuerdo sigue todav\u00eda en alguna parte del cuerpo donde se me encharc\u00f3 un poco el agua de rosas.<\/div>\n<div dir=\"auto\"><\/div>\n<\/div>\n<div class=\"x14z9mp xat24cr x1lziwak x1vvkbs xtlvy1s x126k92a\">\n<div dir=\"auto\">El n\u00famero aparece no menos de cinco veces en el d\u00eda, no m\u00e1s de 11, e intento encausarlo hacia lo positivo, d\u00e1ndole el privilegio de la duda a\u00f1os despu\u00e9s al gur\u00fa c\u00e1bula, pero m\u00e1s escuchando a la intuici\u00f3n que para estas etapas se me ha desarrollado impecable, y dice que: todo lo que sucede en este momento, es lo que debe suceder.<\/div>\n<\/div>\n<div class=\"x14z9mp xat24cr x1lziwak x1vvkbs xtlvy1s x126k92a\">\n<div dir=\"auto\">O es todo eso, o ha comenzado la debacle de mi salud mental como siempre lo sospech\u00e9, como siempre lo he cre\u00eddo: morir\u00e9 de desquicio, esquizofrenia o, una obsesi\u00f3n que me har\u00e1 vagar por el mundo busc\u00e1ndole respuesta a algo que no existe.<\/div>\n<div dir=\"auto\">O es todo eso o, finalmente ha comenzado la conciencia y el verdadero \u201cyo\u201d a tomar el control, ha comenzado la sincronicidad a tomar forma, y los n\u00fameros son el portal para la plenitud que siempre sospech\u00e9 pod\u00eda llegar.<\/div>\n<div dir=\"auto\">O es eso o, todav\u00eda quedan pedacitos de ceniza en alguna parte de mi cerebro, de los p\u00e9talos secos de las flores con las que hice agua de rosas, que me mand\u00f3 quemar el argentino al patio mientras las resoplaba al cielo.<\/div>\n<\/div>\n<div class=\"x14z9mp xat24cr x1lziwak x1vvkbs xtlvy1s x126k92a\">\n<div dir=\"auto\">El brujo gaucho me acompa\u00f1\u00f3 en distintos procesos durante alg\u00fan tiempo, en aquellos d\u00edas no logr\u00e9 entender los ejercicios que me mandaba hacer (a\u00fan no los entiendo), no as\u00ed los discursos que ofrec\u00eda en sus redes sociales, de los cuales pude rescatar ense\u00f1anzas valiosas que todav\u00eda conservo, verifico, ratifico y celebro.<\/div>\n<div dir=\"auto\"><\/div>\n<\/div>\n<div class=\"x14z9mp xat24cr x1lziwak x1vvkbs xtlvy1s x126k92a\">\n<div dir=\"auto\">El 11 se me ha metido profundamente en las pupilas, por momentos me asusta, por momentos me obsesiona, por momentos creo que tendr\u00e9 que vivir los siguientes 54 a\u00f1os (pretendo vivir hasta los 100) vi\u00e9ndolo para siempre, 54 a\u00f1os intentado buscarle significado, mir\u00e1ndolo de reojo cuando me enfada, imagin\u00e1ndolo como un 10, fingiendo no darme cuenta que aparece, observ\u00e1ndolo con indiferencia, como si fuera un n\u00famero com\u00fan y sin personalidad como el 14, el 73 o el 29 que nunca nadie quiere. Pero el n\u00famero me mira y me vuelve a traer a \u00e9l, y me dice que s\u00ed, que significa algo que todav\u00eda no descubro. As\u00ed de loco.<\/div>\n<div dir=\"auto\"><\/div>\n<\/div>\n<div class=\"x14z9mp xat24cr x1lziwak x1vvkbs xtlvy1s x126k92a\">\n<div dir=\"auto\">Pero he tomado una decisi\u00f3n definitiva y, el significado del 11 en todos los caminos num\u00e9ricos, lo comenzar\u00e9 a interpretar a mi modo, a mi ritmo, a criterio de mi propio brujo interno que yo mismo represento, sin p\u00f3cimas, sin ejercicios florales ni cenizos, simplistas o fabulescos; por mis polainas, porque s\u00ed, y porque no, entonces ahora, el n\u00famero primo, indivisible por otros n\u00fameros y por s\u00ed mismo, lleg\u00f3 para:<\/div>\n<div dir=\"auto\"><\/div>\n<\/div>\n<div class=\"x14z9mp xat24cr x1lziwak x1vvkbs xtlvy1s x126k92a\">\n<div dir=\"auto\">Avisarme del nacimiento de nuevos amores sin apego, sin codependencia, sin importar el color de los ojos, la anchura de las caderas o la longitud del cuello que cargue el cuerpo; del registro del autoconocimiento cumplido pero desarroll\u00e1ndose hasta que muera, del visto bueno a la vida simple, sin complicaciones, sencilla, fuera de: marcas, apariencias, delirios de grandeza, persecuciones amistosas, camisas de cuellos altos sin sentido, vinos mediocres, y el fin de la b\u00fasqueda de aceptaci\u00f3n ajena y el principio de la propia.<\/div>\n<div dir=\"auto\"><\/div>\n<\/div>\n<div class=\"x14z9mp xat24cr x1lziwak x1vvkbs xtlvy1s x126k92a\">\n<div dir=\"auto\">Lleg\u00f3 el n\u00famero 11 acompa\u00f1ado del despertar del esp\u00edritu, para no irse nunca, para flanquearme entre sus dos 1, para despertarme del letargo del alma, para escribir sobre su presencia, sobre el universo de posibilidades que tienen dos n\u00fameros superpuestos, para avisarme que no vuelva a creer en brujos.<\/div>\n<\/div>\n<div class=\"x14z9mp xat24cr x1lziwak x1vvkbs xtlvy1s x126k92a\">\n<div dir=\"auto\">ULTIMO ALIENTO<\/div>\n<div dir=\"auto\"><\/div>\n<div dir=\"auto\">Mi amigo Benjam\u00edn, el cantautor, viene de nuevo a presentarse a <span class=\"html-span xdj266r x14z9mp xat24cr x1lziwak xexx8yu xyri2b x18d9i69 x1c1uobl x1hl2dhg x16tdsg8 x1vvkbs\"><a class=\"x1i10hfl xjbqb8w x1ejq31n x18oe1m7 x1sy0etr xstzfhl x972fbf x10w94by x1qhh985 x14e42zd x9f619 x1ypdohk xt0psk2 x3ct3a4 xdj266r x14z9mp xat24cr x1lziwak xexx8yu xyri2b x18d9i69 x1c1uobl x16tdsg8 x1hl2dhg xggy1nq x1a2a7pz xkrqix3 x1sur9pj x1fey0fg x1s688f\" tabindex=\"0\" role=\"link\" href=\"https:\/\/www.facebook.com\/hashtag\/navojoa?__eep__=6&amp;__cft__[0]=AZWw6u3Dgf39eyKxcdP3Y7X9htct8o2oCTn3Ll2P27-FNrZrwKLihc2QFjgTDHFdq0Dkz1BOpJjRcFcDl6U30PF7lXdwqwtGCwR247dkEDobTyI3SpcgkMSDmDc8MTcwdbZ8EyDBz8KXWHLGutZeiAATT0SvZpDX5tFrZuu7cWFfztmjxuJS2uV6eluLZYdNBkU&amp;__tn__=*NK-R\">#Navojoa<\/a><\/span>. Ser\u00e1 en restaurante \u201cEl Roble\u201d, en Brisas, el 8 de noviembre, a beneficio de la fundaci\u00f3n \u201cMar\u00eda Luc\u00eda, dando amor\u201d, una asociaci\u00f3n que apoya a los ni\u00f1os con c\u00e1ncer. Los boletos est\u00e1n disponibles en el cel. 64 21 03 10 10.<\/div>\n<\/div>\n<div class=\"x14z9mp xat24cr x1lziwak x1vvkbs xtlvy1s x126k92a\">\n<div dir=\"auto\">Por cierto, hicimos recientemente un podcast de 2 horas con este se\u00f1or, si tienen tiempo y ganas, vayan a verlo.<\/div>\n<\/div>\n<div class=\"pvc_clear\"><\/div>\n<p id=\"pvc_stats_240\" class=\"pvc_stats all  \" data-element-id=\"240\" style=\"\"><i class=\"pvc-stats-icon medium\" aria-hidden=\"true\"><svg xmlns=\"http:\/\/www.w3.org\/2000\/svg\" version=\"1.0\" viewBox=\"0 0 502 315\" preserveAspectRatio=\"xMidYMid meet\"><g transform=\"translate(0,332) scale(0.1,-0.1)\" fill=\"\" stroke=\"none\"><path d=\"M2394 3279 l-29 -30 -3 -207 c-2 -182 0 -211 15 -242 39 -76 157 -76 196 0 15 31 17 60 15 243 l-3 209 -33 29 c-26 23 -41 29 -80 29 -41 0 -53 -5 -78 -31z\"\/><path d=\"M3085 3251 c-45 -19 -58 -50 -96 -229 -47 -217 -49 -260 -13 -295 52 -53 146 -42 177 20 16 31 87 366 87 410 0 70 -86 122 -155 94z\"\/><path d=\"M1751 3234 c-13 -9 -29 -31 -37 -50 -12 -29 -10 -49 21 -204 19 -94 39 -189 45 -210 14 -50 54 -80 110 -80 34 0 48 6 76 34 21 21 34 44 34 59 0 14 -18 113 -40 219 -37 178 -43 195 -70 221 -36 32 -101 37 -139 11z\"\/><path d=\"M1163 3073 c-36 -7 -73 -59 -73 -102 0 -56 133 -378 171 -413 34 -32 83 -37 129 -13 70 36 67 87 -16 290 -86 209 -89 214 -129 231 -35 14 -42 15 -82 7z\"\/><path d=\"M3689 3066 c-15 -9 -33 -30 -42 -48 -48 -103 -147 -355 -147 -375 0 -98 131 -148 192 -74 13 15 57 108 97 206 80 196 84 226 37 273 -30 30 -99 39 -137 18z\"\/><path d=\"M583 2784 c-38 -19 -67 -74 -58 -113 9 -42 211 -354 242 -373 16 -10 45 -18 66 -18 51 0 107 52 107 100 0 39 -1 41 -124 234 -80 126 -108 162 -133 173 -41 17 -61 16 -100 -3z\"\/><path d=\"M4250 2784 c-14 -9 -74 -91 -133 -183 -95 -150 -107 -173 -107 -213 0 -55 33 -94 87 -104 67 -13 90 8 211 198 130 202 137 225 78 284 -27 27 -42 34 -72 34 -22 0 -50 -8 -64 -16z\"\/><path d=\"M2275 2693 c-553 -48 -1095 -270 -1585 -649 -135 -104 -459 -423 -483 -476 -23 -49 -22 -139 2 -186 73 -142 361 -457 571 -626 285 -228 642 -407 990 -497 242 -63 336 -73 660 -74 310 0 370 5 595 52 535 111 1045 392 1455 803 122 121 250 273 275 326 19 41 19 137 0 174 -41 79 -309 363 -465 492 -447 370 -946 591 -1479 653 -113 14 -422 18 -536 8z m395 -428 c171 -34 330 -124 456 -258 112 -119 167 -219 211 -378 27 -96 24 -300 -5 -401 -72 -255 -236 -447 -474 -557 -132 -62 -201 -76 -368 -76 -167 0 -236 14 -368 76 -213 98 -373 271 -451 485 -162 444 86 934 547 1084 153 49 292 57 452 25z m909 -232 c222 -123 408 -262 593 -441 76 -74 138 -139 138 -144 0 -16 -233 -242 -330 -319 -155 -123 -309 -223 -461 -299 l-81 -41 32 46 c18 26 49 83 70 128 143 306 141 649 -6 957 -25 52 -61 116 -79 142 l-34 47 45 -20 c26 -10 76 -36 113 -56z m-2057 25 c-40 -58 -105 -190 -130 -263 -110 -324 -59 -707 132 -981 25 -35 42 -64 37 -64 -19 0 -241 119 -326 174 -188 122 -406 314 -532 468 l-58 71 108 103 c185 178 428 349 672 473 66 33 121 60 123 61 2 0 -10 -19 -26 -42z\"\/><path d=\"M2375 1950 c-198 -44 -350 -190 -395 -379 -18 -76 -8 -221 19 -290 114 -284 457 -406 731 -260 98 52 188 154 231 260 27 69 37 214 19 290 -38 163 -166 304 -326 360 -67 23 -215 33 -279 19z\"\/><\/g><\/svg><\/i> <img loading=\"lazy\" decoding=\"async\" width=\"16\" height=\"16\" alt=\"Loading\" src=\"https:\/\/matutino1179.com\/wp-content\/plugins\/page-views-count\/ajax-loader-2x.gif\" border=0 \/><\/p>\n<div class=\"pvc_clear\"><\/div>\n","protected":false},"excerpt":{"rendered":"<p>AL AIRE Chema Armenta El gur\u00fa argentino y el 11 El n\u00famero me ha seguido a todas partes<\/p>\n<div class=\"pvc_clear\"><\/div>\n<p id=\"pvc_stats_240\" class=\"pvc_stats all  \" data-element-id=\"240\" style=\"\"><i class=\"pvc-stats-icon medium\" aria-hidden=\"true\"><svg xmlns=\"http:\/\/www.w3.org\/2000\/svg\" version=\"1.0\" viewBox=\"0 0 502 315\" preserveAspectRatio=\"xMidYMid meet\"><g transform=\"translate(0,332) scale(0.1,-0.1)\" fill=\"\" stroke=\"none\"><path d=\"M2394 3279 l-29 -30 -3 -207 c-2 -182 0 -211 15 -242 39 -76 157 -76 196 0 15 31 17 60 15 243 l-3 209 -33 29 c-26 23 -41 29 -80 29 -41 0 -53 -5 -78 -31z\"\/><path d=\"M3085 3251 c-45 -19 -58 -50 -96 -229 -47 -217 -49 -260 -13 -295 52 -53 146 -42 177 20 16 31 87 366 87 410 0 70 -86 122 -155 94z\"\/><path d=\"M1751 3234 c-13 -9 -29 -31 -37 -50 -12 -29 -10 -49 21 -204 19 -94 39 -189 45 -210 14 -50 54 -80 110 -80 34 0 48 6 76 34 21 21 34 44 34 59 0 14 -18 113 -40 219 -37 178 -43 195 -70 221 -36 32 -101 37 -139 11z\"\/><path d=\"M1163 3073 c-36 -7 -73 -59 -73 -102 0 -56 133 -378 171 -413 34 -32 83 -37 129 -13 70 36 67 87 -16 290 -86 209 -89 214 -129 231 -35 14 -42 15 -82 7z\"\/><path d=\"M3689 3066 c-15 -9 -33 -30 -42 -48 -48 -103 -147 -355 -147 -375 0 -98 131 -148 192 -74 13 15 57 108 97 206 80 196 84 226 37 273 -30 30 -99 39 -137 18z\"\/><path d=\"M583 2784 c-38 -19 -67 -74 -58 -113 9 -42 211 -354 242 -373 16 -10 45 -18 66 -18 51 0 107 52 107 100 0 39 -1 41 -124 234 -80 126 -108 162 -133 173 -41 17 -61 16 -100 -3z\"\/><path d=\"M4250 2784 c-14 -9 -74 -91 -133 -183 -95 -150 -107 -173 -107 -213 0 -55 33 -94 87 -104 67 -13 90 8 211 198 130 202 137 225 78 284 -27 27 -42 34 -72 34 -22 0 -50 -8 -64 -16z\"\/><path d=\"M2275 2693 c-553 -48 -1095 -270 -1585 -649 -135 -104 -459 -423 -483 -476 -23 -49 -22 -139 2 -186 73 -142 361 -457 571 -626 285 -228 642 -407 990 -497 242 -63 336 -73 660 -74 310 0 370 5 595 52 535 111 1045 392 1455 803 122 121 250 273 275 326 19 41 19 137 0 174 -41 79 -309 363 -465 492 -447 370 -946 591 -1479 653 -113 14 -422 18 -536 8z m395 -428 c171 -34 330 -124 456 -258 112 -119 167 -219 211 -378 27 -96 24 -300 -5 -401 -72 -255 -236 -447 -474 -557 -132 -62 -201 -76 -368 -76 -167 0 -236 14 -368 76 -213 98 -373 271 -451 485 -162 444 86 934 547 1084 153 49 292 57 452 25z m909 -232 c222 -123 408 -262 593 -441 76 -74 138 -139 138 -144 0 -16 -233 -242 -330 -319 -155 -123 -309 -223 -461 -299 l-81 -41 32 46 c18 26 49 83 70 128 143 306 141 649 -6 957 -25 52 -61 116 -79 142 l-34 47 45 -20 c26 -10 76 -36 113 -56z m-2057 25 c-40 -58 -105 -190 -130 -263 -110 -324 -59 -707 132 -981 25 -35 42 -64 37 -64 -19 0 -241 119 -326 174 -188 122 -406 314 -532 468 l-58 71 108 103 c185 178 428 349 672 473 66 33 121 60 123 61 2 0 -10 -19 -26 -42z\"\/><path d=\"M2375 1950 c-198 -44 -350 -190 -395 -379 -18 -76 -8 -221 19 -290 114 -284 457 -406 731 -260 98 52 188 154 231 260 27 69 37 214 19 290 -38 163 -166 304 -326 360 -67 23 -215 33 -279 19z\"\/><\/g><\/svg><\/i> <img loading=\"lazy\" decoding=\"async\" width=\"16\" height=\"16\" alt=\"Loading\" src=\"https:\/\/matutino1179.com\/wp-content\/plugins\/page-views-count\/ajax-loader-2x.gif\" border=0 \/><\/p>\n<div class=\"pvc_clear\"><\/div>\n","protected":false},"author":1,"featured_media":241,"parent":0,"menu_order":0,"comment_status":"closed","ping_status":"closed","template":"","meta":{"om_disable_all_campaigns":false,"_monsterinsights_skip_tracking":false,"_monsterinsights_sitenote_active":false,"_monsterinsights_sitenote_note":"","_monsterinsights_sitenote_category":0,"footnotes":""},"class_list":["post-240","page","type-page","status-publish","has-post-thumbnail","hentry"],"aioseo_notices":[],"_links":{"self":[{"href":"https:\/\/matutino1179.com\/index.php\/wp-json\/wp\/v2\/pages\/240","targetHints":{"allow":["GET"]}}],"collection":[{"href":"https:\/\/matutino1179.com\/index.php\/wp-json\/wp\/v2\/pages"}],"about":[{"href":"https:\/\/matutino1179.com\/index.php\/wp-json\/wp\/v2\/types\/page"}],"author":[{"embeddable":true,"href":"https:\/\/matutino1179.com\/index.php\/wp-json\/wp\/v2\/users\/1"}],"replies":[{"embeddable":true,"href":"https:\/\/matutino1179.com\/index.php\/wp-json\/wp\/v2\/comments?post=240"}],"version-history":[{"count":11,"href":"https:\/\/matutino1179.com\/index.php\/wp-json\/wp\/v2\/pages\/240\/revisions"}],"predecessor-version":[{"id":4853,"href":"https:\/\/matutino1179.com\/index.php\/wp-json\/wp\/v2\/pages\/240\/revisions\/4853"}],"wp:featuredmedia":[{"embeddable":true,"href":"https:\/\/matutino1179.com\/index.php\/wp-json\/wp\/v2\/media\/241"}],"wp:attachment":[{"href":"https:\/\/matutino1179.com\/index.php\/wp-json\/wp\/v2\/media?parent=240"}],"curies":[{"name":"wp","href":"https:\/\/api.w.org\/{rel}","templated":true}]}}